{"id":2,"date":"2026-04-13T09:08:42","date_gmt":"2026-04-13T09:08:42","guid":{"rendered":"https:\/\/soteccons.com\/?page_id=2"},"modified":"2026-04-17T08:05:42","modified_gmt":"2026-04-17T08:05:42","slug":"trang-chu-soteccons","status":"publish","type":"page","link":"https:\/\/soteccons.com\/","title":{"rendered":"SOTECCONS ?"},"content":{"rendered":"\n<p><a href=\"https:\/\/vietsafe.vn\/\"><\/a><\/p>\n\n\n\n<figure class=\"wp-block-image aligncenter\"><img decoding=\"async\" src=\"https:\/\/theme.hstatic.net\/200000224275\/1000698194\/14\/home_about_us_banner1.jpg?v=181\" alt=\"S\u1ee8 M\u1ec6NH\"\/><\/figure>\n\n\n\n<h2 class=\"wp-block-heading has-text-align-center\">S\u1ee8 M\u1ec6NH<\/h2>\n\n\n\n<p>l\u00e0 doanh nghi\u1ec7p \u0111\u01b0\u1ee3c th\u00e0nh l\u1eadp v\u1edbi s\u1ee9 m\u1ec7nh \u0111\u1ea3m b\u1ea3o y\u00ean t\u00e2m v\u00e0 an to\u00e0n tuy\u1ec7t \u0111\u1ed1i cho kh\u00e1ch h\u00e0ng th\u00f4ng qua vi\u1ec7c t\u01b0 v\u1ea5n \u2013 cung c\u1ea5p h\u1ec7 th\u1ed1ng c\u00f4ng ngh\u1ec7 an to\u00e0n v\u00e0 t\u00edch h\u1ee3p h\u1ec7 th\u1ed1ng m\u1ed9t c\u00e1ch to\u00e0n di\u1ec7n.<\/p>\n\n\n\n<p><a href=\"https:\/\/vietsafe.vn\/\"><\/a><\/p>\n\n\n\n<figure class=\"wp-block-image aligncenter\"><img decoding=\"async\" src=\"https:\/\/theme.hstatic.net\/200000224275\/1000698194\/14\/home_about_us_banner2.jpg?v=181\" alt=\"T\u1ea6M NH\u00ccN\"\/><\/figure>\n\n\n\n<p><\/p>\n\n\n\n<p><\/p>\n\n\n\n<h3 class=\"wp-block-heading has-text-align-center\">NH\u1eacN DI\u1ec6N<\/h3>\n\n\n\n<p>SOTECCONS l\u00e0 n\u01a1i h\u1ed9i t\u1ee5 s\u1ee9c m\u1ea1nh, kinh nghi\u1ec7m v\u00e0 uy t\u00edn c\u1ee7a c\u00e1c th\u00e0nh vi\u00ean \u0111\u00e3 c\u00f3 r\u1ea5t nhi\u1ec1u n\u0103m g\u1eafn b\u00f3 v\u1edbi ng\u00e0nh v\u00e0 c\u00f3 ni\u1ec1m \u0111am m\u00ea \u0111\u1eb7c bi\u1ec7t \u0111\u1ed1i v\u1edbi c\u00f4ng ngh\u1ec7, \u0111\u00e3 \u0111\u1ec3 l\u1ea1i d\u1ea5u \u1ea5n tr\u00ean c\u00e1c c\u00f4ng tr\u00ecnh \u0111i\u1ec3n h\u00ecnh<\/p>\n\n\n\n<div class=\"wp-block-columns is-layout-flex wp-container-core-columns-is-layout-28f84493 wp-block-columns-is-layout-flex\">\n<div class=\"wp-block-column is-layout-flow wp-block-column-is-layout-flow\">\n<figure class=\"wp-block-image aligncenter size-full is-style-rounded\"><img loading=\"lazy\" decoding=\"async\" width=\"512\" height=\"384\" src=\"https:\/\/soteccons.com\/wp-content\/uploads\/2026\/04\/unnamed-1.jpg\" alt=\"\" class=\"wp-image-138\" srcset=\"https:\/\/soteccons.com\/wp-content\/uploads\/2026\/04\/unnamed-1.jpg 512w, https:\/\/soteccons.com\/wp-content\/uploads\/2026\/04\/unnamed-1-300x225.jpg 300w\" sizes=\"auto, (max-width: 512px) 100vw, 512px\" \/><figcaption class=\"wp-element-caption\">Nh\u00e2n vi\u00ean kinh nghi\u1ec7m<\/figcaption><\/figure>\n<\/div>\n\n\n\n<div class=\"wp-block-column is-layout-flow wp-block-column-is-layout-flow\">\n<figure class=\"wp-block-image aligncenter size-large is-style-rounded\"><img loading=\"lazy\" decoding=\"async\" width=\"1024\" height=\"653\" src=\"https:\/\/soteccons.com\/wp-content\/uploads\/2026\/04\/thiet-bi-pccc-soteccons-1024x653.jpg\" alt=\"\" class=\"wp-image-136\" srcset=\"https:\/\/soteccons.com\/wp-content\/uploads\/2026\/04\/thiet-bi-pccc-soteccons-1024x653.jpg 1024w, https:\/\/soteccons.com\/wp-content\/uploads\/2026\/04\/thiet-bi-pccc-soteccons-600x383.jpg 600w, https:\/\/soteccons.com\/wp-content\/uploads\/2026\/04\/thiet-bi-pccc-soteccons-300x191.jpg 300w, https:\/\/soteccons.com\/wp-content\/uploads\/2026\/04\/thiet-bi-pccc-soteccons-768x490.jpg 768w, https:\/\/soteccons.com\/wp-content\/uploads\/2026\/04\/thiet-bi-pccc-soteccons.jpg 1280w\" sizes=\"auto, (max-width: 1024px) 100vw, 1024px\" \/><figcaption class=\"wp-element-caption\">D\u1ef1 \u00e1n \u0111\u00e3 ho\u00e0n th\u00e0nh<\/figcaption><\/figure>\n<\/div>\n\n\n\n<div class=\"wp-block-column is-layout-flow wp-block-column-is-layout-flow\">\n<figure class=\"wp-block-image aligncenter size-full is-style-rounded\"><img loading=\"lazy\" decoding=\"async\" width=\"800\" height=\"483\" src=\"https:\/\/soteccons.com\/wp-content\/uploads\/2026\/04\/thiet-bi-phong-chay-chua-chay-.jpeg\" alt=\"\" class=\"wp-image-137\" srcset=\"https:\/\/soteccons.com\/wp-content\/uploads\/2026\/04\/thiet-bi-phong-chay-chua-chay-.jpeg 800w, https:\/\/soteccons.com\/wp-content\/uploads\/2026\/04\/thiet-bi-phong-chay-chua-chay--600x362.jpeg 600w, https:\/\/soteccons.com\/wp-content\/uploads\/2026\/04\/thiet-bi-phong-chay-chua-chay--300x181.jpeg 300w, https:\/\/soteccons.com\/wp-content\/uploads\/2026\/04\/thiet-bi-phong-chay-chua-chay--768x464.jpeg 768w\" sizes=\"auto, (max-width: 800px) 100vw, 800px\" \/><figcaption class=\"wp-element-caption\">Kh\u00e1ch h\u00e0ng h\u00e0i l\u00f2ng<\/figcaption><\/figure>\n<\/div>\n<\/div>\n\n\n\n<h2 class=\"wp-block-heading has-text-align-center\">C\u00e1c d\u1ecbch v\u1ee5 c\u1ee7a SOTECCONS<\/h2>\n\n\n\n<div class=\"wp-block-columns is-layout-flex wp-container-core-columns-is-layout-28f84493 wp-block-columns-is-layout-flex\">\n<div class=\"wp-block-column is-layout-flow wp-block-column-is-layout-flow\">\n<figure class=\"wp-block-image aligncenter size-full is-resized\"><img loading=\"lazy\" decoding=\"async\" width=\"60\" height=\"60\" src=\"https:\/\/soteccons.com\/wp-content\/uploads\/2026\/04\/hservice_icon1.png\" alt=\"\" class=\"wp-image-132\" style=\"width:146px;height:auto\"\/><figcaption class=\"wp-element-caption\">CUNG C\u1ea4P THI\u1ebeT B\u1eca PCCC<\/figcaption><\/figure>\n<\/div>\n\n\n\n<div class=\"wp-block-column is-layout-flow wp-block-column-is-layout-flow\">\n<figure class=\"wp-block-image aligncenter size-full is-resized\"><img loading=\"lazy\" decoding=\"async\" width=\"60\" height=\"60\" src=\"https:\/\/soteccons.com\/wp-content\/uploads\/2026\/04\/hservice_icon2.png\" alt=\"\" class=\"wp-image-133\" style=\"width:138px;height:auto\"\/><figcaption class=\"wp-element-caption\">THI C\u00d4NG L\u1eaeP \u0110\u1eb6T GI\u1ea2I PH\u00c1P PCCC<\/figcaption><\/figure>\n<\/div>\n\n\n\n<div class=\"wp-block-column is-layout-flow wp-block-column-is-layout-flow\">\n<figure class=\"wp-block-image aligncenter size-full is-resized\"><img loading=\"lazy\" decoding=\"async\" width=\"60\" height=\"60\" src=\"https:\/\/soteccons.com\/wp-content\/uploads\/2026\/04\/hservice_icon3.png\" alt=\"\" class=\"wp-image-134\" style=\"width:136px;height:auto\"\/><figcaption class=\"wp-element-caption\">CH\u1ebe \u0110\u1ed8 H\u1eacU M\u00c3I CHUY\u00caN S\u00c2U<\/figcaption><\/figure>\n<\/div>\n<\/div>\n\n\n\n<h2 class=\"wp-block-heading has-text-align-center\">\u0110\u1ed1i t\u00e1c c\u1ee7a ch\u00fang t\u00f4i<\/h2>\n\n\n\n<figure class=\"wp-block-gallery has-nested-images columns-default is-cropped wp-block-gallery-1 is-layout-flex wp-block-gallery-is-layout-flex\">\n<figure class=\"wp-block-image size-large\"><img loading=\"lazy\" decoding=\"async\" width=\"293\" height=\"165\" data-id=\"130\" src=\"https:\/\/soteccons.com\/wp-content\/uploads\/2026\/04\/brand_img4-1.png\" alt=\"\" class=\"wp-image-130\"\/><\/figure>\n\n\n\n<figure class=\"wp-block-image size-large\"><img loading=\"lazy\" decoding=\"async\" width=\"642\" height=\"222\" data-id=\"124\" src=\"https:\/\/soteccons.com\/wp-content\/uploads\/2026\/04\/brand_img7-1.png\" alt=\"\" class=\"wp-image-124\" srcset=\"https:\/\/soteccons.com\/wp-content\/uploads\/2026\/04\/brand_img7-1.png 642w, https:\/\/soteccons.com\/wp-content\/uploads\/2026\/04\/brand_img7-1-600x207.png 600w, https:\/\/soteccons.com\/wp-content\/uploads\/2026\/04\/brand_img7-1-300x104.png 300w\" sizes=\"auto, (max-width: 642px) 100vw, 642px\" \/><\/figure>\n\n\n\n<figure class=\"wp-block-image size-large\"><img loading=\"lazy\" decoding=\"async\" width=\"293\" height=\"165\" data-id=\"131\" src=\"https:\/\/soteccons.com\/wp-content\/uploads\/2026\/04\/brand_img5-1.png\" alt=\"\" class=\"wp-image-131\"\/><\/figure>\n\n\n\n<figure class=\"wp-block-image size-large\"><img loading=\"lazy\" decoding=\"async\" width=\"317\" height=\"241\" data-id=\"123\" src=\"https:\/\/soteccons.com\/wp-content\/uploads\/2026\/04\/brand_img6-1.png\" alt=\"\" class=\"wp-image-123\" srcset=\"https:\/\/soteccons.com\/wp-content\/uploads\/2026\/04\/brand_img6-1.png 317w, https:\/\/soteccons.com\/wp-content\/uploads\/2026\/04\/brand_img6-1-300x228.png 300w\" sizes=\"auto, (max-width: 317px) 100vw, 317px\" \/><\/figure>\n\n\n\n<figure class=\"wp-block-image size-large\"><img loading=\"lazy\" decoding=\"async\" width=\"182\" height=\"160\" data-id=\"129\" src=\"https:\/\/soteccons.com\/wp-content\/uploads\/2026\/04\/brand_img3-1.png\" alt=\"\" class=\"wp-image-129\"\/><\/figure>\n\n\n\n<figure class=\"wp-block-image size-large\"><img loading=\"lazy\" decoding=\"async\" width=\"293\" height=\"165\" data-id=\"122\" src=\"https:\/\/soteccons.com\/wp-content\/uploads\/2026\/04\/brand_img9-1.png\" alt=\"\" class=\"wp-image-122\"\/><\/figure>\n\n\n\n<figure class=\"wp-block-image size-large\"><img loading=\"lazy\" decoding=\"async\" width=\"413\" height=\"225\" data-id=\"127\" src=\"https:\/\/soteccons.com\/wp-content\/uploads\/2026\/04\/brand_img8-1.png\" alt=\"\" class=\"wp-image-127\" srcset=\"https:\/\/soteccons.com\/wp-content\/uploads\/2026\/04\/brand_img8-1.png 413w, https:\/\/soteccons.com\/wp-content\/uploads\/2026\/04\/brand_img8-1-300x163.png 300w\" sizes=\"auto, (max-width: 413px) 100vw, 413px\" \/><\/figure>\n\n\n\n<figure class=\"wp-block-image size-large\"><img loading=\"lazy\" decoding=\"async\" width=\"537\" height=\"213\" data-id=\"128\" src=\"https:\/\/soteccons.com\/wp-content\/uploads\/2026\/04\/brand_img10-1.png\" alt=\"\" class=\"wp-image-128\" srcset=\"https:\/\/soteccons.com\/wp-content\/uploads\/2026\/04\/brand_img10-1.png 537w, https:\/\/soteccons.com\/wp-content\/uploads\/2026\/04\/brand_img10-1-300x119.png 300w\" sizes=\"auto, (max-width: 537px) 100vw, 537px\" \/><\/figure>\n\n\n\n<figure class=\"wp-block-image size-large\"><img loading=\"lazy\" decoding=\"async\" width=\"301\" height=\"103\" data-id=\"126\" src=\"https:\/\/soteccons.com\/wp-content\/uploads\/2026\/04\/brand_img2-1.png\" alt=\"\" class=\"wp-image-126\"\/><\/figure>\n<\/figure>\n\n\n\n<p><\/p>\n\n\n\n<p><\/p>\n\n\n\n<h2 class=\"wp-block-heading has-text-align-center\">Kh\u00e1ch h\u00e0ng c\u1ee7a ch\u00fang t\u00f4i<\/h2>\n\n\n\n<p><\/p>\n\n\n\n<p><\/p>\n\n\n\n<figure class=\"wp-block-gallery has-nested-images columns-default is-cropped wp-block-gallery-2 is-layout-flex wp-block-gallery-is-layout-flex\">\n<figure class=\"wp-block-image size-large\"><img loading=\"lazy\" decoding=\"async\" width=\"293\" height=\"165\" data-id=\"107\" src=\"https:\/\/soteccons.com\/wp-content\/uploads\/2026\/04\/brand2_img1.png\" alt=\"\" class=\"wp-image-107\"\/><\/figure>\n\n\n\n<figure class=\"wp-block-image size-large\"><img loading=\"lazy\" decoding=\"async\" width=\"293\" height=\"165\" data-id=\"103\" src=\"https:\/\/soteccons.com\/wp-content\/uploads\/2026\/04\/brand2_img2.png\" alt=\"\" class=\"wp-image-103\"\/><\/figure>\n\n\n\n<figure class=\"wp-block-image size-large\"><img loading=\"lazy\" decoding=\"async\" width=\"293\" height=\"165\" data-id=\"105\" src=\"https:\/\/soteccons.com\/wp-content\/uploads\/2026\/04\/brand2_img3.png\" alt=\"\" class=\"wp-image-105\"\/><\/figure>\n\n\n\n<figure class=\"wp-block-image size-large\"><img loading=\"lazy\" decoding=\"async\" width=\"1024\" height=\"579\" data-id=\"111\" src=\"https:\/\/soteccons.com\/wp-content\/uploads\/2026\/04\/brand2_img4-1024x579.png\" alt=\"\" class=\"wp-image-111\" srcset=\"https:\/\/soteccons.com\/wp-content\/uploads\/2026\/04\/brand2_img4-1024x579.png 1024w, https:\/\/soteccons.com\/wp-content\/uploads\/2026\/04\/brand2_img4-600x339.png 600w, https:\/\/soteccons.com\/wp-content\/uploads\/2026\/04\/brand2_img4-300x170.png 300w, https:\/\/soteccons.com\/wp-content\/uploads\/2026\/04\/brand2_img4-768x434.png 768w, https:\/\/soteccons.com\/wp-content\/uploads\/2026\/04\/brand2_img4.png 1118w\" sizes=\"auto, (max-width: 1024px) 100vw, 1024px\" \/><\/figure>\n\n\n\n<figure class=\"wp-block-image size-large\"><img loading=\"lazy\" decoding=\"async\" width=\"1024\" height=\"576\" data-id=\"106\" src=\"https:\/\/soteccons.com\/wp-content\/uploads\/2026\/04\/brand2_img5-1024x576.png\" alt=\"\" class=\"wp-image-106\" srcset=\"https:\/\/soteccons.com\/wp-content\/uploads\/2026\/04\/brand2_img5-1024x576.png 1024w, https:\/\/soteccons.com\/wp-content\/uploads\/2026\/04\/brand2_img5-600x338.png 600w, https:\/\/soteccons.com\/wp-content\/uploads\/2026\/04\/brand2_img5-300x169.png 300w, https:\/\/soteccons.com\/wp-content\/uploads\/2026\/04\/brand2_img5-768x432.png 768w, https:\/\/soteccons.com\/wp-content\/uploads\/2026\/04\/brand2_img5.png 1152w\" sizes=\"auto, (max-width: 1024px) 100vw, 1024px\" \/><\/figure>\n\n\n\n<figure class=\"wp-block-image size-large\"><img loading=\"lazy\" decoding=\"async\" width=\"293\" height=\"165\" data-id=\"110\" src=\"https:\/\/soteccons.com\/wp-content\/uploads\/2026\/04\/brand2_img6.png\" alt=\"\" class=\"wp-image-110\"\/><\/figure>\n\n\n\n<figure class=\"wp-block-image size-large\"><img loading=\"lazy\" decoding=\"async\" width=\"293\" height=\"165\" data-id=\"104\" src=\"https:\/\/soteccons.com\/wp-content\/uploads\/2026\/04\/brand2_img7.png\" alt=\"\" class=\"wp-image-104\"\/><\/figure>\n\n\n\n<figure class=\"wp-block-image size-large\"><img loading=\"lazy\" decoding=\"async\" width=\"293\" height=\"165\" data-id=\"108\" src=\"https:\/\/soteccons.com\/wp-content\/uploads\/2026\/04\/brand2_img8.png\" alt=\"\" class=\"wp-image-108\"\/><\/figure>\n\n\n\n<figure class=\"wp-block-image size-large\"><img loading=\"lazy\" decoding=\"async\" width=\"1024\" height=\"576\" data-id=\"109\" src=\"https:\/\/soteccons.com\/wp-content\/uploads\/2026\/04\/brand2_img10-1024x576.png\" alt=\"\" class=\"wp-image-109\" srcset=\"https:\/\/soteccons.com\/wp-content\/uploads\/2026\/04\/brand2_img10-1024x576.png 1024w, https:\/\/soteccons.com\/wp-content\/uploads\/2026\/04\/brand2_img10-600x338.png 600w, https:\/\/soteccons.com\/wp-content\/uploads\/2026\/04\/brand2_img10-300x169.png 300w, https:\/\/soteccons.com\/wp-content\/uploads\/2026\/04\/brand2_img10-768x432.png 768w, https:\/\/soteccons.com\/wp-content\/uploads\/2026\/04\/brand2_img10.png 1152w\" sizes=\"auto, (max-width: 1024px) 100vw, 1024px\" \/><\/figure>\n<\/figure>\n\n\n\n<p><\/p>\n","protected":false},"excerpt":{"rendered":"<p>S\u1ee8 M\u1ec6NH l\u00e0 doanh nghi\u1ec7p \u0111\u01b0\u1ee3c th\u00e0nh l\u1eadp v\u1edbi s\u1ee9 m\u1ec7nh \u0111\u1ea3m b\u1ea3o y\u00ean t\u00e2m v\u00e0 an to\u00e0n tuy\u1ec7t \u0111\u1ed1i cho kh\u00e1ch h\u00e0ng th\u00f4ng qua vi\u1ec7c t\u01b0 v\u1ea5n \u2013 cung c\u1ea5p h\u1ec7 th\u1ed1ng c\u00f4ng ngh\u1ec7 an to\u00e0n v\u00e0 t\u00edch h\u1ee3p h\u1ec7 th\u1ed1ng m\u1ed9t c\u00e1ch to\u00e0n di\u1ec7n. NH\u1eacN DI\u1ec6N SOTECCONS l\u00e0 n\u01a1i h\u1ed9i t\u1ee5 s\u1ee9c m\u1ea1nh, [&hellip;]<\/p>\n","protected":false},"author":1,"featured_media":0,"parent":0,"menu_order":0,"comment_status":"open","ping_status":"closed","template":"blog-listing","meta":{"footnotes":""},"class_list":["post-2","page","type-page","status-publish","hentry"],"_links":{"self":[{"href":"https:\/\/soteccons.com\/index.php\/wp-json\/wp\/v2\/pages\/2","targetHints":{"allow":["GET"]}}],"collection":[{"href":"https:\/\/soteccons.com\/index.php\/wp-json\/wp\/v2\/pages"}],"about":[{"href":"https:\/\/soteccons.com\/index.php\/wp-json\/wp\/v2\/types\/page"}],"author":[{"embeddable":true,"href":"https:\/\/soteccons.com\/index.php\/wp-json\/wp\/v2\/users\/1"}],"replies":[{"embeddable":true,"href":"https:\/\/soteccons.com\/index.php\/wp-json\/wp\/v2\/comments?post=2"}],"version-history":[{"count":3,"href":"https:\/\/soteccons.com\/index.php\/wp-json\/wp\/v2\/pages\/2\/revisions"}],"predecessor-version":[{"id":141,"href":"https:\/\/soteccons.com\/index.php\/wp-json\/wp\/v2\/pages\/2\/revisions\/141"}],"wp:attachment":[{"href":"https:\/\/soteccons.com\/index.php\/wp-json\/wp\/v2\/media?parent=2"}],"curies":[{"name":"wp","href":"https:\/\/api.w.org\/{rel}","templated":true}]}}